{"id":409,"date":"2023-07-26T09:55:53","date_gmt":"2023-07-26T07:55:53","guid":{"rendered":"https:\/\/noorrestaurant.es\/new\/inicio\/"},"modified":"2025-09-11T09:57:16","modified_gmt":"2025-09-11T07:57:16","slug":"inicio","status":"publish","type":"page","link":"https:\/\/noorrestaurant.es\/fr\/","title":{"rendered":"Inicio"},"content":{"rendered":"<div id=\"pl-409\"  class=\"panel-layout\" ><div id=\"pg-409-0\"  class=\"panel-grid panel-has-style\" ><div class=\"siteorigin-panels-stretch panel-row-style panel-row-style-for-409-0\" id=\"contInicio\" data-stretch-type=\"full-width-stretch\" ><div id=\"pgc-409-0-0\"  class=\"panel-grid-cell\" ><div id=\"panel-409-0-0-0\" class=\"widget_text so-panel widget widget_custom_html panel-first-child\" data-index=\"0\" ><div class=\"widget_text boxCont panel-widget-style panel-widget-style-for-409-0-0-0\" ><div class=\"textwidget custom-html-widget\"><img decoding=\"async\" src=\"https:\/\/noorrestaurant.es\/wp-content\/uploads\/2023\/07\/historia-fr.png\" class=\"imgTitle\">\n<p>La proposition culinaire de <strong>Noor s\u2019inspire de l\u2019histoire et de la culture d\u2019Al-Andalus,<\/strong> dont l\u2019un des portraits les plus embl\u00e9matiques est le <strong>califat d\u2019Abderram\u00e1n III,<\/strong> qui a fait de <strong>Cordoue<\/strong> la ville la plus cultiv\u00e9e et la plus avanc\u00e9e de son \u00e9poque.<\/p>\n<p>Un travail de recherche avec des <strong>documentalistes, des historiens, des arch\u00e9ologues et des designers<\/strong> a fa\u00e7onn\u00e9 l\u2019univers de <strong>Noor,<\/strong> qui se retrouve dans l\u2019histoire, racont\u00e9e par les cr\u00e9ations du <strong>Paco Morales<\/strong> \u00e0 chacune de ses saisons.<\/p><\/div><\/div><\/div><div id=\"panel-409-0-0-1\" class=\"widget_text so-panel widget widget_custom_html\" data-index=\"1\" ><div class=\"widget_text posAbs panel-widget-style panel-widget-style-for-409-0-0-1\" ><div class=\"textwidget custom-html-widget\"><div class=\"rowLogos\">\n\t<div class=\"logoRest\"><img decoding=\"async\" src=\"https:\/\/noorrestaurant.es\/wp-content\/uploads\/2023\/07\/logo_Noor.png\"><\/div>\n\t<div class=\"logoRest\"><a href=\"https:\/\/elbardepacomorales.com\/\" target=\"_blank\"><img decoding=\"async\" src=\"https:\/\/noorrestaurant.es\/wp-content\/uploads\/2023\/07\/Logo_ElBarDePacoMorales.png\"><\/a><\/div>\n<\/div><\/div><\/div><\/div><div id=\"panel-409-0-0-2\" class=\"widget_text so-panel widget widget_custom_html panel-last-child\" data-index=\"2\" ><div class=\"widget_text panel-widget-style panel-widget-style-for-409-0-0-2\" ><div class=\"textwidget custom-html-widget\"><div class=\"imgGrupo\"><img decoding=\"async\" src=\"https:\/\/noorrestaurant.es\/wp-content\/uploads\/2023\/07\/Grupo-PM.png\"><\/div><\/div><\/div><\/div><\/div><\/div><\/div><div id=\"pg-409-1\"  class=\"panel-grid panel-has-style\" ><div class=\"siteorigin-panels-stretch panel-row-style panel-row-style-for-409-1\" id=\"contPaco\" data-stretch-type=\"full-width-stretch\" ><div id=\"pgc-409-1-0\"  class=\"panel-grid-cell\" ><div id=\"panel-409-1-0-0\" class=\"widget_text so-panel widget widget_custom_html panel-first-child\" data-index=\"3\" ><div class=\"widget_text boxCont panel-widget-style panel-widget-style-for-409-1-0-0\" ><div class=\"textwidget custom-html-widget\"><p>C\u2019est une des figures les plus connues de la gastronomie espagnole. Sa capacit\u00e9 <strong>d\u2019innovation et sa personnalit\u00e9<\/strong> lui ont permis d\u2019apporter \u00e0 notre \u00e9poque les <strong>ar\u00f4mes et les saveurs les plus raffin\u00e9s d\u2019Al-Andalus,<\/strong> de les recr\u00e9er avec maestria dans le style contemporain et avant-gardiste qui a toujours caract\u00e9ris\u00e9 sa cuisine.<\/p>\n<p><strong>Trois \u00e9toiles Michelin<\/strong> et le soutien unanime des grands gastronomes nationaux et internationaux ainsi que des critiques sp\u00e9cialis\u00e9s appuient sa d\u00e9marche.<\/p><\/div><\/div><\/div><div id=\"panel-409-1-0-1\" class=\"widget_text so-panel widget widget_custom_html\" data-index=\"4\" ><div class=\"widget_text posAbs panel-widget-style panel-widget-style-for-409-1-0-1\" ><div class=\"textwidget custom-html-widget\"><div class=\"rowLogos1\">\n\t<div class=\"logoRest\"><img decoding=\"async\" src=\"https:\/\/noorrestaurant.es\/wp-content\/uploads\/2023\/07\/logo_Noor.png\"><\/div>\n\t<div class=\"logoRest\"><a href=\"https:\/\/elbardepacomorales.com\/\" target=\"_blank\"><img decoding=\"async\" src=\"https:\/\/noorrestaurant.es\/wp-content\/uploads\/2023\/07\/Logo_ElBarDePacoMorales.png\"><\/a><\/div>\n<\/div><\/div><\/div><\/div><div id=\"panel-409-1-0-2\" class=\"widget_text so-panel widget widget_custom_html panel-last-child\" data-index=\"5\" ><div class=\"widget_text panel-widget-style panel-widget-style-for-409-1-0-2\" ><div class=\"textwidget custom-html-widget\"><div class=\"imgGrupo1\"><img decoding=\"async\" src=\"https:\/\/noorrestaurant.es\/wp-content\/uploads\/2023\/07\/Grupo-PM.png\"><\/div><\/div><\/div><\/div><\/div><\/div><\/div><div id=\"pg-409-2\"  class=\"panel-grid panel-has-style\" ><div class=\"siteorigin-panels-stretch panel-row-style panel-row-style-for-409-2\" id=\"contReserva\" data-stretch-type=\"full-width-stretch\" ><div id=\"pgc-409-2-0\"  class=\"panel-grid-cell\" ><div id=\"panel-409-2-0-0\" class=\"widget_text so-panel widget widget_custom_html panel-first-child\" data-index=\"6\" ><div class=\"widget_text boxCont panel-widget-style panel-widget-style-for-409-2-0-0\" ><div class=\"textwidget custom-html-widget\"><span>NOUS VOUS SOUHAITONS LA BIENVENUE AU SYST\u00c8ME DE R\u00c9SERVATIONS DE NOOR<\/span>\n<p>N\u2019h\u00e9sitez pas \u00e0 nous contacter si vous rencontrez des probl\u00e8mes dans votre r\u00e9servation.<\/p>\n<a href=\"#\" class=\"btnReserva\">R\u00c9SERVATIONS<\/a>\n<a href=\"https:\/\/noorrestaurant.es\/Menu_FRA.pdf\" target=\"_blank\" class=\"btnMenu\">VOIR LE MENUS<\/a><\/div><\/div><\/div><div id=\"panel-409-2-0-1\" class=\"widget_text so-panel widget widget_custom_html\" data-index=\"7\" ><div class=\"widget_text posAbs panel-widget-style panel-widget-style-for-409-2-0-1\" ><div class=\"textwidget custom-html-widget\"><div class=\"rowLogos2\">\n\t<div class=\"logoRest\"><img decoding=\"async\" src=\"https:\/\/noorrestaurant.es\/wp-content\/uploads\/2023\/07\/logo_Noor.png\"><\/div>\n\t<div class=\"logoRest\"><a href=\"https:\/\/elbardepacomorales.com\/\" target=\"_blank\"><img decoding=\"async\" src=\"https:\/\/noorrestaurant.es\/wp-content\/uploads\/2023\/07\/Logo_ElBarDePacoMorales.png\"><\/a><\/div>\n<\/div><\/div><\/div><\/div><div id=\"panel-409-2-0-2\" class=\"widget_text so-panel widget widget_custom_html panel-last-child\" data-index=\"8\" ><div class=\"widget_text panel-widget-style panel-widget-style-for-409-2-0-2\" ><div class=\"textwidget custom-html-widget\"><div class=\"imgGrupo2\"><img decoding=\"async\" src=\"https:\/\/noorrestaurant.es\/wp-content\/uploads\/2023\/07\/Grupo-PM.png\"><\/div><\/div><\/div><\/div><\/div><\/div><\/div><div id=\"pg-409-3\"  class=\"panel-grid panel-has-style\" ><div class=\"changeBg siteorigin-panels-stretch panel-row-style panel-row-style-for-409-3\" id=\"contExperience\" data-stretch-type=\"full-width-stretch\" ><div id=\"pgc-409-3-0\"  class=\"panel-grid-cell\" ><div id=\"panel-409-3-0-0\" class=\"widget_text so-panel widget widget_custom_html panel-first-child\" data-index=\"9\" ><div class=\"widget_text contHidden boxCont panel-widget-style panel-widget-style-for-409-3-0-0\" ><div class=\"textwidget custom-html-widget\"><div class=\"boxExperience\">\n\t<div class=\"leftExp\">\n\t\t<img decoding=\"async\" src=\"https:\/\/noorrestaurant.es\/wp-content\/uploads\/2023\/07\/bolsaExperience.png\">\n\t<\/div>\n\t<div class=\"rightExp\">\n\t\t<img decoding=\"async\" src=\"https:\/\/noorrestaurant.es\/wp-content\/uploads\/2023\/07\/Noor_Libro.png\">\n\t<\/div>\n<\/div>\n\t<h3>Noor Experience<\/h3>\n\t<p style=\"margin-bottom:0;\">\u00abLa g\u00e9n\u00e9rosit\u00e9 consiste \u00e0 donner avant qu\u2019on nous le demande\u00bb<\/p>\n\t<p style=\"font-size:12px;\">Proverbe arabe<\/p>\n\t<p>Si vous souhaitez <strong>donner une exp\u00e9rience au restaurant Noor ou acheter le livre de recettes Paco Morales,<\/strong> contactez-nous (pr\u00e9cisez votre nom et votre t\u00e9l\u00e9phone) et nous vous enverrons tous les d\u00e9tails du processus d\u2019achat.<\/p>\n\t<a href=\"mailto:noorexperience@noorrestaurant.es\">noorexperience@noorrestaurant.es<\/a><\/div><\/div><\/div><div id=\"panel-409-3-0-1\" class=\"widget_text so-panel widget widget_custom_html\" data-index=\"10\" ><div class=\"widget_text posAbs panel-widget-style panel-widget-style-for-409-3-0-1\" ><div class=\"textwidget custom-html-widget\"><div class=\"rowLogos3\">\n\t<div class=\"logoRest\"><img decoding=\"async\" src=\"https:\/\/noorrestaurant.es\/wp-content\/uploads\/2023\/07\/logo_Noor.png\"><\/div>\n\t<div class=\"logoRest\"><a href=\"https:\/\/elbardepacomorales.com\/\" target=\"_blank\"><img decoding=\"async\" src=\"https:\/\/noorrestaurant.es\/wp-content\/uploads\/2023\/07\/Logo_ElBarDePacoMorales.png\"><\/a><\/div>\n<\/div><\/div><\/div><\/div><div id=\"panel-409-3-0-2\" class=\"widget_text so-panel widget widget_custom_html panel-last-child\" data-index=\"11\" ><div class=\"widget_text panel-widget-style panel-widget-style-for-409-3-0-2\" ><div class=\"textwidget custom-html-widget\"><div class=\"imgGrupo3\"><img decoding=\"async\" src=\"https:\/\/noorrestaurant.es\/wp-content\/uploads\/2023\/07\/Grupo-PM.png\"><\/div><\/div><\/div><\/div><\/div><\/div><\/div><div id=\"pg-409-4\"  class=\"panel-grid panel-has-style\" ><div class=\"siteorigin-panels-stretch panel-row-style panel-row-style-for-409-4\" id=\"contContacto\" data-stretch-type=\"full-width-stretch\" ><div id=\"pgc-409-4-0\"  class=\"panel-grid-cell\" ><div id=\"panel-409-4-0-0\" class=\"widget_text so-panel widget widget_custom_html panel-first-child\" data-index=\"12\" ><div class=\"widget_text contForm panel-widget-style panel-widget-style-for-409-4-0-0\" ><div class=\"textwidget custom-html-widget\"><div class=\"boxForm\">\n\t<div class=\"boxLeft\">\n\t\t\n<div class=\"wpcf7 no-js\" id=\"wpcf7-f403-o1\" lang=\"fr-FR\" dir=\"ltr\" data-wpcf7-id=\"403\">\n<div class=\"screen-reader-response\"><p role=\"status\" aria-live=\"polite\" aria-atomic=\"true\"><\/p> <ul><\/ul><\/div>\n<form action=\"\/fr\/wp-json\/wp\/v2\/pages\/409#wpcf7-f403-o1\" method=\"post\" class=\"wpcf7-form init\" aria-label=\"Formulaire de contact\" novalidate=\"novalidate\" data-status=\"init\">\n<fieldset class=\"hidden-fields-container\"><input type=\"hidden\" name=\"_wpcf7\" value=\"403\" \/><input type=\"hidden\" name=\"_wpcf7_version\" value=\"6.1.5\" \/><input type=\"hidden\" name=\"_wpcf7_locale\" value=\"fr_FR\" \/><input type=\"hidden\" name=\"_wpcf7_unit_tag\" value=\"wpcf7-f403-o1\" \/><input type=\"hidden\" name=\"_wpcf7_container_post\" value=\"0\" \/><input type=\"hidden\" name=\"_wpcf7_posted_data_hash\" value=\"\" \/><input type=\"hidden\" name=\"_wpcf7_recaptcha_response\" value=\"\" \/>\n<\/fieldset>\n<p><label for=\"nombre\">Votre nom (obligatoire)<\/label><span class=\"wpcf7-form-control-wrap\" data-name=\"nombre\"><input size=\"40\" maxlength=\"400\" class=\"wpcf7-form-control wpcf7-text wpcf7-validates-as-required\" aria-required=\"true\" aria-invalid=\"false\" value=\"\" type=\"text\" name=\"nombre\" \/><\/span>\n<\/p>\n<p><label for=\"email\">Votre e-mail (obligatoire)<\/label><span class=\"wpcf7-form-control-wrap\" data-name=\"email\"><input size=\"40\" maxlength=\"400\" class=\"wpcf7-form-control wpcf7-email wpcf7-validates-as-required wpcf7-text wpcf7-validates-as-email\" aria-required=\"true\" aria-invalid=\"false\" value=\"\" type=\"email\" name=\"email\" \/><\/span>\n<\/p>\n<p><label for=\"telefono\">Votre t\u00e9l\u00e9phone (obligatoire)<\/label><span class=\"wpcf7-form-control-wrap\" data-name=\"telefono\"><input size=\"40\" maxlength=\"400\" class=\"wpcf7-form-control wpcf7-tel wpcf7-validates-as-required wpcf7-text wpcf7-validates-as-tel\" aria-required=\"true\" aria-invalid=\"false\" value=\"\" type=\"tel\" name=\"telefono\" \/><\/span>\n<\/p>\n<p><label for=\"asunto\">Objet<\/label><span class=\"wpcf7-form-control-wrap\" data-name=\"asunto\"><input size=\"40\" maxlength=\"400\" class=\"wpcf7-form-control wpcf7-text\" aria-invalid=\"false\" value=\"\" type=\"text\" name=\"asunto\" \/><\/span>\n<\/p>\n<p><label for=\"mensaje\">Votre message<\/label><span class=\"wpcf7-form-control-wrap\" data-name=\"mensaje\"><textarea cols=\"40\" rows=\"10\" maxlength=\"2000\" class=\"wpcf7-form-control wpcf7-textarea\" aria-invalid=\"false\" name=\"mensaje\"><\/textarea><\/span>\n<\/p>\n<span class=\"wpcf7-form-control-wrap recaptcha\" data-name=\"recaptcha\"><span data-sitekey=\"6LevbQInAAAAAMXQsE5vKKtlDAQ13T8ojVbyLGZd\" data-theme=\"dark\" class=\"wpcf7-form-control wpcf7-recaptcha g-recaptcha\"><\/span>\r\n<noscript>\r\n\t<div class=\"grecaptcha-noscript\">\r\n\t\t<iframe loading=\"lazy\" src=\"https:\/\/www.google.com\/recaptcha\/api\/fallback?k=6LevbQInAAAAAMXQsE5vKKtlDAQ13T8ojVbyLGZd\" frameborder=\"0\" scrolling=\"no\" width=\"310\" height=\"430\">\r\n\t\t<\/iframe>\r\n\t\t<textarea name=\"g-recaptcha-response\" rows=\"3\" cols=\"40\" placeholder=\"reCaptcha Response Here\">\r\n\t\t<\/textarea>\r\n\t<\/div>\r\n<\/noscript>\r\n<\/span>\n<p style=\"margin-top:10px;\"><input class=\"wpcf7-form-control wpcf7-submit has-spinner btn\" type=\"submit\" value=\"Envoyer\" \/>\n<\/p><input type='hidden' class='wpcf7-pum' value='{\"closepopup\":false,\"closedelay\":0,\"openpopup\":false,\"openpopup_id\":0}' \/><div class=\"wpcf7-response-output\" aria-hidden=\"true\"><\/div>\n<\/form>\n<\/div>\n\n\t\t<a href=\"#\" class=\"btnTrabaja\">&gt; travaille avec nous<\/a>\n\t<\/div>\n\t<div class=\"boxRight\">\n\t\t<iframe loading=\"lazy\" style=\"border: 0;\" src=\"https:\/\/www.google.com\/maps\/embed?pb=!1m18!1m12!1m3!1d3148.725537986308!2d-4.7607316551749514!3d37.890100835667816!2m3!1f0!2f0!3f0!3m2!1i1024!2i768!4f13.1!3m3!1m2!1s0xd6cdf8f7c17e9eb%3A0x7d49e8e67f101e5d!2sPablo+Ruiz+Picasso!5e0!3m2!1ses!2ses!4v1448017073998\" width=\"100%\" height=\"550\" frameborder=\"0\" allowfullscreen=\"allowfullscreen\"><\/iframe>\n\t\t<p>Vous pouvez nous contacter en composant le<br><a href=\"tel:+34957964055\">+34 957 964 055<\/a> ou en nous \u00e9crivant un e-mail <a href=\"mailto:info@noorrestaurant.es\">info@noorrestaurant.es<\/a><\/p>\n\t<\/div>\n<\/div><\/div><\/div><\/div><div id=\"panel-409-4-0-1\" class=\"widget_text so-panel widget widget_custom_html\" data-index=\"13\" ><div class=\"widget_text posAbs panel-widget-style panel-widget-style-for-409-4-0-1\" ><div class=\"textwidget custom-html-widget\"><div class=\"rowLogos4\">\n\t<div class=\"logoRest\"><img decoding=\"async\" src=\"https:\/\/noorrestaurant.es\/wp-content\/uploads\/2023\/07\/logo_Noor.png\"><\/div>\n\t<div class=\"logoRest\"><a href=\"https:\/\/elbardepacomorales.com\/\" target=\"_blank\"><img decoding=\"async\" src=\"https:\/\/noorrestaurant.es\/wp-content\/uploads\/2023\/07\/Logo_ElBarDePacoMorales.png\"><\/a><\/div>\n<\/div><\/div><\/div><\/div><div id=\"panel-409-4-0-2\" class=\"widget_text so-panel widget widget_custom_html panel-last-child\" data-index=\"14\" ><div class=\"widget_text panel-widget-style panel-widget-style-for-409-4-0-2\" ><div class=\"textwidget custom-html-widget\"><div class=\"imgGrupo4\"><img decoding=\"async\" src=\"https:\/\/noorrestaurant.es\/wp-content\/uploads\/2023\/07\/Grupo-PM.png\"><\/div><\/div><\/div><\/div><\/div><\/div><\/div><\/div>","protected":false},"excerpt":{"rendered":"<p>La proposition culinaire de Noor s\u2019inspire de l\u2019histoire et de la culture d\u2019Al-Andalus, dont l\u2019un des portraits les plus embl\u00e9matiques [&hellip;]<\/p>\n","protected":false},"author":1,"featured_media":0,"parent":0,"menu_order":0,"comment_status":"closed","ping_status":"closed","template":"page-templates\/full-width.php","meta":{"footnotes":""},"class_list":["post-409","page","type-page","status-publish","hentry"],"_links":{"self":[{"href":"https:\/\/noorrestaurant.es\/fr\/wp-json\/wp\/v2\/pages\/409","targetHints":{"allow":["GET"]}}],"collection":[{"href":"https:\/\/noorrestaurant.es\/fr\/wp-json\/wp\/v2\/pages"}],"about":[{"href":"https:\/\/noorrestaurant.es\/fr\/wp-json\/wp\/v2\/types\/page"}],"author":[{"embeddable":true,"href":"https:\/\/noorrestaurant.es\/fr\/wp-json\/wp\/v2\/users\/1"}],"replies":[{"embeddable":true,"href":"https:\/\/noorrestaurant.es\/fr\/wp-json\/wp\/v2\/comments?post=409"}],"version-history":[{"count":13,"href":"https:\/\/noorrestaurant.es\/fr\/wp-json\/wp\/v2\/pages\/409\/revisions"}],"predecessor-version":[{"id":679,"href":"https:\/\/noorrestaurant.es\/fr\/wp-json\/wp\/v2\/pages\/409\/revisions\/679"}],"wp:attachment":[{"href":"https:\/\/noorrestaurant.es\/fr\/wp-json\/wp\/v2\/media?parent=409"}],"curies":[{"name":"wp","href":"https:\/\/api.w.org\/{rel}","templated":true}]}}